{"id":3790,"date":"2017-07-13T18:50:13","date_gmt":"2017-07-13T16:50:13","guid":{"rendered":"https:\/\/ospis.ch\/?page_id=3790"},"modified":"2017-07-13T18:53:47","modified_gmt":"2017-07-13T16:53:47","slug":"recettes","status":"publish","type":"page","link":"https:\/\/ospis.ch\/en\/recettes\/","title":{"rendered":"RECETTES"},"content":{"rendered":"<p>1) <b>Golden milk<\/b><\/p>\n<p>M\u00e9langez une ou deux cuill\u00e8re(s) \u00e0 caf\u00e9 de curcuma dans du lait de vache\/brebis ou v\u00e9g\u00e9tal puis chauffez et buvez!<\/p>\n<p>2) <b>Th\u00e9 ayurv\u00e9dique<\/b><\/p>\n<p>M\u00e9langez une ou deux cuill\u00e8re(s) \u00e0 caf\u00e9 de curcuma dans de l\u2019eau puis faites bouillir. Ajouter du jus de citron. Buvez!<\/p>\n<p>3)<b> Th\u00e9 froid\u00a0<\/b><\/p>\n<p>M\u00e9langez une ou deux cuill\u00e8re(s) \u00e0 caf\u00e9 de curcuma dans de l\u2019eau, faites bouillir laisser refroidir. Ajouter du jus de citron et du miel. Buvez!<\/p>\n<p>4)\u00a0<b>Salades et l\u00e9gumes saut\u00e9s<\/b><\/p>\n<p>M\u00e9langez le\u00a0curcuma dans la sauce \u00e0 salade ou dans les l\u00e9gumes \u00e0 sauter!<\/p>\n","protected":false},"excerpt":{"rendered":"<p>1) Golden milk M\u00e9langez une ou deux cuill\u00e8re(s) \u00e0 caf\u00e9 de curcuma dans du lait de vache\/brebis ou v\u00e9g\u00e9tal puis chauffez et buvez! 2) Th\u00e9 ayurv\u00e9dique M\u00e9langez une ou deux cuill\u00e8re(s) \u00e0 caf\u00e9 de curcuma dans de l\u2019eau puis faites bouillir. Ajouter du jus de citron. Buvez! 3) Th\u00e9 froid\u00a0 M\u00e9langez une ou deux cuill\u00e8re(s) &hellip; <\/p>\n<p class=\"link-more\"><a href=\"https:\/\/ospis.ch\/en\/recettes\/\" class=\"more-link\">Continue reading<span class=\"screen-reader-text\"> &#8220;RECETTES&#8221;<\/span><\/a><\/p>\n","protected":false},"author":1,"featured_media":0,"parent":0,"menu_order":0,"comment_status":"closed","ping_status":"closed","template":"","meta":[],"_links":{"self":[{"href":"https:\/\/ospis.ch\/en\/wp-json\/wp\/v2\/pages\/3790"}],"collection":[{"href":"https:\/\/ospis.ch\/en\/wp-json\/wp\/v2\/pages"}],"about":[{"href":"https:\/\/ospis.ch\/en\/wp-json\/wp\/v2\/types\/page"}],"author":[{"embeddable":true,"href":"https:\/\/ospis.ch\/en\/wp-json\/wp\/v2\/users\/1"}],"replies":[{"embeddable":true,"href":"https:\/\/ospis.ch\/en\/wp-json\/wp\/v2\/comments?post=3790"}],"version-history":[{"count":3,"href":"https:\/\/ospis.ch\/en\/wp-json\/wp\/v2\/pages\/3790\/revisions"}],"predecessor-version":[{"id":3993,"href":"https:\/\/ospis.ch\/en\/wp-json\/wp\/v2\/pages\/3790\/revisions\/3993"}],"wp:attachment":[{"href":"https:\/\/ospis.ch\/en\/wp-json\/wp\/v2\/media?parent=3790"}],"curies":[{"name":"wp","href":"https:\/\/api.w.org\/{rel}","templated":true}]}}